{"id":958,"date":"2025-12-17T19:07:37","date_gmt":"2025-12-17T22:07:37","guid":{"rendered":"https:\/\/ispi4035-sfe.infd.edu.ar\/sitio\/?page_id=958"},"modified":"2025-12-17T19:07:37","modified_gmt":"2025-12-17T22:07:37","slug":"solicitud-de-titulo","status":"publish","type":"page","link":"https:\/\/ispi4035-sfe.infd.edu.ar\/sitio\/solicitud-de-titulo\/","title":{"rendered":"Solicitud de t\u00edtulo"},"content":{"rendered":"\n<p>Desde el 1ro de noviembre de 2023, el Ministerio de Educaci\u00f3n de la Naci\u00f3n implementa<br>un nuevo sistema para que las escuelas emitan los t\u00edtulos secundarios y de educaci\u00f3n<br>superior, de manera digital, enmarcado en la Resoluci\u00f3n CFE N\u00b0440\/23.<br>Con este avance en la digitalizaci\u00f3n, los t\u00edtulos ya no se imprimir\u00e1n en papel, sino que<br>estar\u00e1n disponibles en los dispositivos electr\u00f3nicos de los estudiantes, como tel\u00e9fonos<br>m\u00f3viles y computadoras.<\/p>\n\n\n\n<h2 class=\"wp-block-heading\">Registro Federal de Egreso (ReFe)<\/h2>\n\n\n\n<p><br>El Registro Federal de Egreso (https:\/\/refe.educacion.gob.ar\/), de acuerdo a la<br>Resoluci\u00f3n CFE N\u00b0 440\/23, permite verificar la autenticidad de los t\u00edtulos de educaci\u00f3n<br>secundaria y de educaci\u00f3n superior emitidos a partir del 1 de noviembre del 2023 de<br>manera digital.<br>Es una herramienta Web, de acceso p\u00fablico donde se podr\u00e1 verificar la informaci\u00f3n de<br>los egresados de todas las instituciones educativas del pa\u00eds.<br>El ReFE conformar\u00e1 el nuevo instrumento de legalizaci\u00f3n, certificaci\u00f3n y confronte de<br>autenticidad de la documentaci\u00f3n educativa correspondiente a los niveles de educaci\u00f3n<br>secundaria y de educaci\u00f3n superior.<br>Consultas registro federal de egresos:<br>https:\/\/refe.educacion.gob.ar\/<br><\/p>\n\n\n\n<h2 class=\"wp-block-heading\">\u00bfC\u00f3mo se accede a los t\u00edtulos digitales?<\/h2>\n\n\n\n<p>Santa Fe tiene la posibilidad de implementar este nuevo sistema de registro nacional,<br>de manera casi invariable para la gesti\u00f3n de los establecimientos educativos, ya que<br>desde el a\u00f1o 2010 cuenta con un m\u00f3dulo a trav\u00e9s del Sistema de Gesti\u00f3n Escolar para<br>la emisi\u00f3n de t\u00edtulos de nivel secundario y superior.<br>Los t\u00edtulos digitales se pueden visualizar a trav\u00e9s de una direcci\u00f3n web \u00fanica. Los<br>establecimientos educativos, recibir\u00e1n esta direcci\u00f3n web para cada t\u00edtulo solicitado, la<br>cual se le brindar\u00e1 a los estudiantes v\u00eda correo electr\u00f3nico registrado en alumnado para que puedan acceder de manera \u00e1gil y segura<br>a trav\u00e9s de dispositivos electr\u00f3nicos.<\/p>\n\n\n\n<p>Una vez que el t\u00edtulo se encuentre emitido digitalmente no es necesario que se imprima en<br>papel ni se firme. Al ser un t\u00edtulo digital, los datos de la autoridad del establecimiento saldr\u00e1n<br>como firma electr\u00f3nica.<\/p>\n","protected":false},"excerpt":{"rendered":"<p>Desde el 1ro de noviembre de 2023, el Ministerio de Educaci\u00f3n de la Naci\u00f3n implementaun nuevo sistema para que las escuelas emitan los t\u00edtulos secundarios y de educaci\u00f3nsuperior, de manera digital, enmarcado en la Resoluci\u00f3n CFE N\u00b0440\/23.Con este avance en la digitalizaci\u00f3n, los t\u00edtulos ya no se imprimir\u00e1n en papel, sino queestar\u00e1n disponibles en los &#8230; <a title=\"Solicitud de t\u00edtulo\" class=\"read-more\" href=\"https:\/\/ispi4035-sfe.infd.edu.ar\/sitio\/solicitud-de-titulo\/\" aria-label=\"M\u00e1s en Solicitud de t\u00edtulo\">[+]<\/a><\/p>\n","protected":false},"author":10,"featured_media":0,"parent":0,"menu_order":0,"comment_status":"closed","ping_status":"closed","template":"","meta":[],"_links":{"self":[{"href":"https:\/\/ispi4035-sfe.infd.edu.ar\/sitio\/wp-json\/wp\/v2\/pages\/958"}],"collection":[{"href":"https:\/\/ispi4035-sfe.infd.edu.ar\/sitio\/wp-json\/wp\/v2\/pages"}],"about":[{"href":"https:\/\/ispi4035-sfe.infd.edu.ar\/sitio\/wp-json\/wp\/v2\/types\/page"}],"author":[{"embeddable":true,"href":"https:\/\/ispi4035-sfe.infd.edu.ar\/sitio\/wp-json\/wp\/v2\/users\/10"}],"replies":[{"embeddable":true,"href":"https:\/\/ispi4035-sfe.infd.edu.ar\/sitio\/wp-json\/wp\/v2\/comments?post=958"}],"version-history":[{"count":1,"href":"https:\/\/ispi4035-sfe.infd.edu.ar\/sitio\/wp-json\/wp\/v2\/pages\/958\/revisions"}],"predecessor-version":[{"id":959,"href":"https:\/\/ispi4035-sfe.infd.edu.ar\/sitio\/wp-json\/wp\/v2\/pages\/958\/revisions\/959"}],"wp:attachment":[{"href":"https:\/\/ispi4035-sfe.infd.edu.ar\/sitio\/wp-json\/wp\/v2\/media?parent=958"}],"curies":[{"name":"wp","href":"https:\/\/api.w.org\/{rel}","templated":true}]}}