{"id":944,"date":"2025-12-17T15:54:47","date_gmt":"2025-12-17T18:54:47","guid":{"rendered":"https:\/\/ispi4035-sfe.infd.edu.ar\/sitio\/?page_id=944"},"modified":"2025-12-17T15:54:47","modified_gmt":"2025-12-17T18:54:47","slug":"contacto","status":"publish","type":"page","link":"https:\/\/ispi4035-sfe.infd.edu.ar\/sitio\/contacto\/","title":{"rendered":"Contacto"},"content":{"rendered":"\n<p>Direcci\u00f3n: Jun\u00edn 2646 &#8211; Santa Fe<\/p>\n\n\n\n<p>Tel\u00e9fono: 6552011<\/p>\n\n\n\n<p>Contacto direcci\u00f3n: spep4035@gmail.com<\/p>\n\n\n\n<p>Contacto alumnado:  alumnado.ispi4035@gmail.com<\/p>\n\n\n\n<figure class=\"wp-block-gallery has-nested-images columns-default is-cropped wp-block-gallery-1 is-layout-flex\">\n<figure class=\"wp-block-image size-large\"><img decoding=\"async\" loading=\"lazy\" width=\"1240\" height=\"661\" data-id=\"945\"  src=\"https:\/\/ispi4035-sfe.infd.edu.ar\/sitio\/wp-content\/uploads\/2025\/12\/Captura-de-pantalla-2025-12-16-185506-1.png\" alt=\"\" class=\"wp-image-945\" srcset=\"https:\/\/ispi4035-sfe.infd.edu.ar\/sitio\/wp-content\/uploads\/2025\/12\/Captura-de-pantalla-2025-12-16-185506-1.png 1240w, https:\/\/ispi4035-sfe.infd.edu.ar\/sitio\/wp-content\/uploads\/2025\/12\/Captura-de-pantalla-2025-12-16-185506-1-1000x533.png 1000w, https:\/\/ispi4035-sfe.infd.edu.ar\/sitio\/wp-content\/uploads\/2025\/12\/Captura-de-pantalla-2025-12-16-185506-1-768x409.png 768w\" sizes=\"(max-width: 1240px) 100vw, 1240px\" \/><\/figure>\n<\/figure>\n\n\n\n<p><\/p>\n","protected":false},"excerpt":{"rendered":"<p>Direcci\u00f3n: Jun\u00edn 2646 &#8211; Santa Fe Tel\u00e9fono: 6552011 Contacto direcci\u00f3n: spep4035@gmail.com Contacto alumnado: alumnado.ispi4035@gmail.com<\/p>\n","protected":false},"author":10,"featured_media":0,"parent":0,"menu_order":0,"comment_status":"closed","ping_status":"closed","template":"","meta":[],"_links":{"self":[{"href":"https:\/\/ispi4035-sfe.infd.edu.ar\/sitio\/wp-json\/wp\/v2\/pages\/944"}],"collection":[{"href":"https:\/\/ispi4035-sfe.infd.edu.ar\/sitio\/wp-json\/wp\/v2\/pages"}],"about":[{"href":"https:\/\/ispi4035-sfe.infd.edu.ar\/sitio\/wp-json\/wp\/v2\/types\/page"}],"author":[{"embeddable":true,"href":"https:\/\/ispi4035-sfe.infd.edu.ar\/sitio\/wp-json\/wp\/v2\/users\/10"}],"replies":[{"embeddable":true,"href":"https:\/\/ispi4035-sfe.infd.edu.ar\/sitio\/wp-json\/wp\/v2\/comments?post=944"}],"version-history":[{"count":1,"href":"https:\/\/ispi4035-sfe.infd.edu.ar\/sitio\/wp-json\/wp\/v2\/pages\/944\/revisions"}],"predecessor-version":[{"id":946,"href":"https:\/\/ispi4035-sfe.infd.edu.ar\/sitio\/wp-json\/wp\/v2\/pages\/944\/revisions\/946"}],"wp:attachment":[{"href":"https:\/\/ispi4035-sfe.infd.edu.ar\/sitio\/wp-json\/wp\/v2\/media?parent=944"}],"curies":[{"name":"wp","href":"https:\/\/api.w.org\/{rel}","templated":true}]}}