{"id":931,"date":"2025-12-17T08:28:35","date_gmt":"2025-12-17T11:28:35","guid":{"rendered":"https:\/\/ispi4035-sfe.infd.edu.ar\/sitio\/?page_id=931"},"modified":"2025-12-17T19:09:35","modified_gmt":"2025-12-17T22:09:35","slug":"931-2","status":"publish","type":"page","link":"https:\/\/ispi4035-sfe.infd.edu.ar\/sitio\/931-2\/","title":{"rendered":"Plan de estudios"},"content":{"rendered":"\n<figure class=\"wp-block-gallery has-nested-images columns-default is-cropped wp-block-gallery-1 is-layout-flex\">\n<figure class=\"wp-block-image size-large\"><img decoding=\"async\" loading=\"lazy\" width=\"1123\" height=\"411\" data-id=\"932\"  src=\"https:\/\/ispi4035-sfe.infd.edu.ar\/sitio\/wp-content\/uploads\/2025\/12\/Captura-de-pantalla-2025-12-17-082038.png\" alt=\"\" class=\"wp-image-932\" srcset=\"https:\/\/ispi4035-sfe.infd.edu.ar\/sitio\/wp-content\/uploads\/2025\/12\/Captura-de-pantalla-2025-12-17-082038.png 1123w, https:\/\/ispi4035-sfe.infd.edu.ar\/sitio\/wp-content\/uploads\/2025\/12\/Captura-de-pantalla-2025-12-17-082038-1000x366.png 1000w, https:\/\/ispi4035-sfe.infd.edu.ar\/sitio\/wp-content\/uploads\/2025\/12\/Captura-de-pantalla-2025-12-17-082038-768x281.png 768w\" sizes=\"(max-width: 1123px) 100vw, 1123px\" \/><\/figure>\n<\/figure>\n\n\n\n<p>PRIMER A\u00d1O <\/p>\n\n\n\n<p>Legislaci\u00f3n Tur\u00edstica y Conservaci\u00f3n del Patrimonio <br>Geograf\u00eda Tur\u00edstica Regional <br>Introducci\u00f3n al Turismo <br>Historia del Arte I <br>Historia del Patrimonio Tur\u00edstico Regional <br>Lenguaje y T\u00e9cnicas de Comunicaci\u00f3n <br>Ingl\u00e9s T\u00e9cnico I<br>Ecolog\u00eda Tur\u00edstica I <br>Pr\u00e1ctica de Campamento y Recreaci\u00f3n Tur\u00edstica <br>Pr\u00e1ctica de Fotograf\u00eda <br>Folklore Regional y Nacional <br>Pr\u00e1ctica de Gu\u00eda de Turismo I<\/p>\n\n\n\n<p>                                                                                                                <\/p>\n\n\n\n<p>SEGUNDO A\u00d1O<\/p>\n\n\n\n<p>Literatura Regional y Nacional <br>Geograf\u00eda Tur\u00edstica Nacional                                                                                                                                                                                                  <\/p>\n\n\n\n<p>Sociolog\u00eda del Turismo <br>Historia del Arte II <br>Historia del Patrimonio Tur\u00edstico Nacional <br>Relaciones P\u00fablicas y Humanas <br>Ingl\u00e9s T\u00e9cnico II <br>Ecolog\u00eda Tur\u00edstica II <br>Portugu\u00e9s T\u00e9cnico <br>Turismo Social <br>Pr\u00e1ctica de Gu\u00eda de Turismo II <\/p>\n\n\n\n<p><br>TERCER A\u00d1O<\/p>\n\n\n\n<p><br>Relevamiento y Programaci\u00f3n de Circuitos Tur\u00edsticos <br>Geograf\u00eda Tur\u00edstica Internacional <br>Organizaci\u00f3n y Administraci\u00f3n de empresas Tur\u00edsticas <br>Servicios Tur\u00edsticos, C\u00e1lculos de Tarifas y Emisi\u00f3n de Pasajes <br>Publicidad, Ventas y Promoci\u00f3n Tur\u00edstica. <br>Contabilidad de Empresas Tur\u00edsticas <br>Ingl\u00e9s T\u00e9cnico III <br>Pr\u00e1ctica Profesional <\/p>\n","protected":false},"excerpt":{"rendered":"<p>PRIMER A\u00d1O Legislaci\u00f3n Tur\u00edstica y Conservaci\u00f3n del Patrimonio Geograf\u00eda Tur\u00edstica Regional Introducci\u00f3n al Turismo Historia del Arte I Historia del Patrimonio Tur\u00edstico Regional Lenguaje y T\u00e9cnicas de Comunicaci\u00f3n Ingl\u00e9s T\u00e9cnico IEcolog\u00eda Tur\u00edstica I Pr\u00e1ctica de Campamento y Recreaci\u00f3n Tur\u00edstica Pr\u00e1ctica de Fotograf\u00eda Folklore Regional y Nacional Pr\u00e1ctica de Gu\u00eda de Turismo I SEGUNDO A\u00d1O Literatura &#8230; <a title=\"Plan de estudios\" class=\"read-more\" href=\"https:\/\/ispi4035-sfe.infd.edu.ar\/sitio\/931-2\/\" aria-label=\"M\u00e1s en Plan de estudios\">[+]<\/a><\/p>\n","protected":false},"author":10,"featured_media":0,"parent":0,"menu_order":0,"comment_status":"closed","ping_status":"closed","template":"","meta":[],"_links":{"self":[{"href":"https:\/\/ispi4035-sfe.infd.edu.ar\/sitio\/wp-json\/wp\/v2\/pages\/931"}],"collection":[{"href":"https:\/\/ispi4035-sfe.infd.edu.ar\/sitio\/wp-json\/wp\/v2\/pages"}],"about":[{"href":"https:\/\/ispi4035-sfe.infd.edu.ar\/sitio\/wp-json\/wp\/v2\/types\/page"}],"author":[{"embeddable":true,"href":"https:\/\/ispi4035-sfe.infd.edu.ar\/sitio\/wp-json\/wp\/v2\/users\/10"}],"replies":[{"embeddable":true,"href":"https:\/\/ispi4035-sfe.infd.edu.ar\/sitio\/wp-json\/wp\/v2\/comments?post=931"}],"version-history":[{"count":3,"href":"https:\/\/ispi4035-sfe.infd.edu.ar\/sitio\/wp-json\/wp\/v2\/pages\/931\/revisions"}],"predecessor-version":[{"id":961,"href":"https:\/\/ispi4035-sfe.infd.edu.ar\/sitio\/wp-json\/wp\/v2\/pages\/931\/revisions\/961"}],"wp:attachment":[{"href":"https:\/\/ispi4035-sfe.infd.edu.ar\/sitio\/wp-json\/wp\/v2\/media?parent=931"}],"curies":[{"name":"wp","href":"https:\/\/api.w.org\/{rel}","templated":true}]}}