{"id":685,"date":"2018-07-25T15:06:42","date_gmt":"2018-07-25T18:06:42","guid":{"rendered":"https:\/\/ispi4035-sfe.infd.edu.ar\/sitio\/?page_id=685"},"modified":"2025-12-16T17:49:47","modified_gmt":"2025-12-16T20:49:47","slug":"autoridades","status":"publish","type":"page","link":"https:\/\/ispi4035-sfe.infd.edu.ar\/sitio\/institucional\/autoridades\/","title":{"rendered":"Autoridades"},"content":{"rendered":"<h4><\/h4>\n<h4><span data-mce-mark=\"1\"><strong>REPRESENTANTE LEGAL<\/strong><\/span><\/h4>\n<p><em>Sr. Mauro Lionel Rebottaro<\/em><\/p>\n<h4><span data-mce-mark=\"1\"><strong>DIRECCI\u00d3N<\/strong><\/span><\/h4>\n<p><em>Prof. Melina Zampar<\/em><\/p>\n<p><em>Prof. Virginia Iba\u00f1ez<\/em> (directora reemplazante)<\/p>\n<h4><span data-mce-mark=\"1\"><strong>SECRETAR\u00cdA<\/strong><\/span><\/h4>\n<p><em>Lic. Anabel Salas<\/em><\/p>\n<h4><span data-mce-mark=\"1\"><strong>PROSECRETAR\u00cdA<\/strong><\/span><\/h4>\n<p><em>Sra. Patricia Cardona<\/em><\/p>\n<h4><span data-mce-mark=\"1\"><strong>AYUDANTE T\u00c9CNICO DOCENTE<\/strong><\/span><\/h4>\n<p><em>Sra. Marisa Don<\/em><\/p>\n","protected":false},"excerpt":{"rendered":"<p>REPRESENTANTE LEGAL Sr. Mauro Lionel Rebottaro DIRECCI\u00d3N Prof. Melina Zampar Prof. Virginia Iba\u00f1ez (directora reemplazante) SECRETAR\u00cdA Lic. Anabel Salas PROSECRETAR\u00cdA Sra. Patricia Cardona AYUDANTE T\u00c9CNICO DOCENTE Sra. Marisa Don<\/p>\n","protected":false},"author":6,"featured_media":0,"parent":683,"menu_order":0,"comment_status":"closed","ping_status":"closed","template":"","meta":[],"_links":{"self":[{"href":"https:\/\/ispi4035-sfe.infd.edu.ar\/sitio\/wp-json\/wp\/v2\/pages\/685"}],"collection":[{"href":"https:\/\/ispi4035-sfe.infd.edu.ar\/sitio\/wp-json\/wp\/v2\/pages"}],"about":[{"href":"https:\/\/ispi4035-sfe.infd.edu.ar\/sitio\/wp-json\/wp\/v2\/types\/page"}],"author":[{"embeddable":true,"href":"https:\/\/ispi4035-sfe.infd.edu.ar\/sitio\/wp-json\/wp\/v2\/users\/6"}],"replies":[{"embeddable":true,"href":"https:\/\/ispi4035-sfe.infd.edu.ar\/sitio\/wp-json\/wp\/v2\/comments?post=685"}],"version-history":[{"count":7,"href":"https:\/\/ispi4035-sfe.infd.edu.ar\/sitio\/wp-json\/wp\/v2\/pages\/685\/revisions"}],"predecessor-version":[{"id":876,"href":"https:\/\/ispi4035-sfe.infd.edu.ar\/sitio\/wp-json\/wp\/v2\/pages\/685\/revisions\/876"}],"up":[{"embeddable":true,"href":"https:\/\/ispi4035-sfe.infd.edu.ar\/sitio\/wp-json\/wp\/v2\/pages\/683"}],"wp:attachment":[{"href":"https:\/\/ispi4035-sfe.infd.edu.ar\/sitio\/wp-json\/wp\/v2\/media?parent=685"}],"curies":[{"name":"wp","href":"https:\/\/api.w.org\/{rel}","templated":true}]}}