{"id":683,"date":"2018-07-25T15:06:14","date_gmt":"2018-07-25T18:06:14","guid":{"rendered":"https:\/\/ispi4035-sfe.infd.edu.ar\/sitio\/?page_id=683"},"modified":"2026-03-03T12:06:36","modified_gmt":"2026-03-03T15:06:36","slug":"institucional","status":"publish","type":"page","link":"https:\/\/ispi4035-sfe.infd.edu.ar\/sitio\/institucional\/","title":{"rendered":"El Instituto"},"content":{"rendered":"\n<figure class=\"wp-block-gallery has-nested-images columns-default is-cropped wp-block-gallery-1 is-layout-flex\">\n<figure class=\"wp-block-image size-large\"><img decoding=\"async\" loading=\"lazy\" width=\"1366\" height=\"768\" data-id=\"1030\"  src=\"https:\/\/ispi4035-sfe.infd.edu.ar\/sitio\/wp-content\/uploads\/2026\/03\/Instituto-Superior-Particular-Incorporado-N\u00b04035-Brigadier-General-Estanislao-Lopez.png\" alt=\"\" class=\"wp-image-1030\" srcset=\"https:\/\/ispi4035-sfe.infd.edu.ar\/sitio\/wp-content\/uploads\/2026\/03\/Instituto-Superior-Particular-Incorporado-N\u00b04035-Brigadier-General-Estanislao-Lopez.png 1366w, https:\/\/ispi4035-sfe.infd.edu.ar\/sitio\/wp-content\/uploads\/2026\/03\/Instituto-Superior-Particular-Incorporado-N\u00b04035-Brigadier-General-Estanislao-Lopez-1000x562.png 1000w, https:\/\/ispi4035-sfe.infd.edu.ar\/sitio\/wp-content\/uploads\/2026\/03\/Instituto-Superior-Particular-Incorporado-N\u00b04035-Brigadier-General-Estanislao-Lopez-768x432.png 768w\" sizes=\"(max-width: 1366px) 100vw, 1366px\" \/><\/figure>\n<\/figure>\n\n\n\n<h1 class=\"wp-block-heading\">Nuestros Or\u00edgenes<\/h1>\n\n\n\n<p><br>El Instituto Superior Particular Incorporado N\u00ba 4035 \u201cBrigadier Gral. Estanislao<br>L\u00f3pez\u201d, cuya Entidad Propietaria es el Sindicato de Artes Gr\u00e1ficas de Santa Fe, fue<br>fundado en el a\u00f1o 1988. El Secretario General de la Entidad Propietaria, Agust\u00edn Ra\u00fal<br>Sarla \u2013 adem\u00e1s, de ser el Secretario General de la CGT Delegaci\u00f3n Regional Santa<br>Fe \u2013&nbsp; y junto al equipo de Educaci\u00f3n y Cultura, ya hab\u00edan creado dos Escuelas \u00fanicas<br>en su tipo en Am\u00e9rica Latina. (La Escuela Media de Educaci\u00f3n T\u00e9cnica N\u00b02058 \u201c7 de<br>Mayo\u201d y la Escuela N\u00b0304 \u201cPaz, Pan y Trabajo\u201d primaria de jornada completa con<br>capacitaci\u00f3n laboral). De manera que Agust\u00edn R. Sarla, estaba convencido de que<br>\u201cayudar a conocer el pa\u00eds, es ayudar a engrandecerlo\u201d, junto a un grupo de personas<br>visionarias pensaron en crear una Carrera que no exist\u00eda en la zona norte de nuestra<br>provincia. As\u00ed nace la necesidad de la creaci\u00f3n de un Instituto Terciario.&nbsp;<br>El 25 de abril del a\u00f1o 1988, el ISPI N\u00b04035 \u201cBrigadier General Estanislao L\u00f3pez\u201d,<br>comenz\u00f3 a funcionar en el horario nocturno en el local de San Jer\u00f3nimo 1352,<br>compartiendo el edificio con la Escuela hermana N\u00b01304, siendo su Directora Ana<br>Mar\u00eda Baroni.&nbsp;<br>Su primera oferta acad\u00e9mica, con la aprobaci\u00f3n Ministerial, fue la Carrera<br>\u201cGu\u00eda en Turismo\u201d, cuyo objetivo era formar personal especializado en el \u00e1rea. Un a\u00f1o<br>despu\u00e9s, Agust\u00edn Ra\u00fal Sarla y Ana Mar\u00eda Baroni, junto al equipo de Educaci\u00f3n y<br>Cultura fomenta crear la Carrera de \u201cProfesorado de Nivel Primario con Orientaci\u00f3n en<br>Riesgo Social\u201d, que se comienza a implementar en el a\u00f1o 1989. Su creaci\u00f3n se<br>produce para poder atender una franja importante de poblaci\u00f3n en estado de<br>vulnerabilidad econ\u00f3mico \u2013 social.<br>El Instituto fue creciendo a\u00f1o a a\u00f1o en matr\u00edcula debido a las ofertas<br>acad\u00e9micas \u00fanicas en la ciudad y sus \u00e1reas de afluencias. En el A\u00f1o 1994 se modifica<br>el plan original de Turismo unificando dos terminalidades en una sola Carrera \u201cGu\u00eda y<br>T\u00e9cnico Superior en Turismo\u201d, \u00fanica en la provincia y provincia vecinas. La Carrera de<br>Profesorado de Nivel Primario, fue modific\u00e1ndose seg\u00fan los Dise\u00f1os Curriculares de la<br>Provincia.&nbsp;<br>El crecimiento en matr\u00edcula determin\u00f3 que la Entidad Propietaria, destinara su<br>sede social de la calle Jun\u00edn 2646 en el a\u00f1o 2007 \u2013 hasta la actualidad \u2013 en beneficio<br>del desarrollo educativo. El nuevo espacio edilicio y la ubicaci\u00f3n estrat\u00e9gica han<br>dotado a la Instituci\u00f3n de nuevas perspectivas altamente favorables. Esta operaci\u00f3n<br>de traslado y establecimiento consolid\u00f3 la responsabilidad, el compromiso y la<\/p>\n\n\n\n<p>solidaridad de nuestra comunidad educativa; directivos, administrativos, docentes, no<br>docentes, alumnos, e incluso graduados respondieron de modo voluntario a este<br>desaf\u00edo.<\/p>\n","protected":false},"excerpt":{"rendered":"<p>Nuestros Or\u00edgenes El Instituto Superior Particular Incorporado N\u00ba 4035 \u201cBrigadier Gral. EstanislaoL\u00f3pez\u201d, cuya Entidad Propietaria es el Sindicato de Artes Gr\u00e1ficas de Santa Fe, fuefundado en el a\u00f1o 1988. El Secretario General de la Entidad Propietaria, Agust\u00edn Ra\u00falSarla \u2013 adem\u00e1s, de ser el Secretario General de la CGT Delegaci\u00f3n Regional SantaFe \u2013&nbsp; y junto al &#8230; <a title=\"El Instituto\" class=\"read-more\" href=\"https:\/\/ispi4035-sfe.infd.edu.ar\/sitio\/institucional\/\" aria-label=\"M\u00e1s en El Instituto\">[+]<\/a><\/p>\n","protected":false},"author":6,"featured_media":0,"parent":0,"menu_order":0,"comment_status":"closed","ping_status":"closed","template":"","meta":[],"_links":{"self":[{"href":"https:\/\/ispi4035-sfe.infd.edu.ar\/sitio\/wp-json\/wp\/v2\/pages\/683"}],"collection":[{"href":"https:\/\/ispi4035-sfe.infd.edu.ar\/sitio\/wp-json\/wp\/v2\/pages"}],"about":[{"href":"https:\/\/ispi4035-sfe.infd.edu.ar\/sitio\/wp-json\/wp\/v2\/types\/page"}],"author":[{"embeddable":true,"href":"https:\/\/ispi4035-sfe.infd.edu.ar\/sitio\/wp-json\/wp\/v2\/users\/6"}],"replies":[{"embeddable":true,"href":"https:\/\/ispi4035-sfe.infd.edu.ar\/sitio\/wp-json\/wp\/v2\/comments?post=683"}],"version-history":[{"count":8,"href":"https:\/\/ispi4035-sfe.infd.edu.ar\/sitio\/wp-json\/wp\/v2\/pages\/683\/revisions"}],"predecessor-version":[{"id":1031,"href":"https:\/\/ispi4035-sfe.infd.edu.ar\/sitio\/wp-json\/wp\/v2\/pages\/683\/revisions\/1031"}],"wp:attachment":[{"href":"https:\/\/ispi4035-sfe.infd.edu.ar\/sitio\/wp-json\/wp\/v2\/media?parent=683"}],"curies":[{"name":"wp","href":"https:\/\/api.w.org\/{rel}","templated":true}]}}